{"id":1144,"date":"2016-08-17T11:05:13","date_gmt":"2016-08-17T11:05:13","guid":{"rendered":"http:\/\/localhost\/web_Forestructure\/?page_id=1144"},"modified":"2016-11-09T10:33:40","modified_gmt":"2016-11-09T10:33:40","slug":"program","status":"publish","type":"page","link":"https:\/\/cgat.webs.upv.es\/forestructure\/ws\/program\/","title":{"rendered":"Program"},"content":{"rendered":"<h1 class=\"fecha\"><strong><span id=\"titlepage\">Jueves, 3 de noviembre<\/span><\/strong><\/h1>\n<h2><strong><span id=\"part\">Part I: Lectures on forest monitoring and mapping using remote sensing*<\/span><\/strong><\/h2>\n<p>[ezcol_1fifth]<strong>15:00-15:15<\/strong>[\/ezcol_1fifth] [ezcol_4fifth_end]<em>Registro y apertura<\/em>[\/ezcol_4fifth_end]<\/p>\n<p>[ezcol_1fifth]<strong>15:15-15:45<\/strong>[\/ezcol_1fifth] [ezcol_4fifth_end]<strong><span id=\"author\">Prof. Nicholas Coops<\/span><\/strong>[\/ezcol_4fifth_end][ezcol_1fifth][\/ezcol_1fifth] [ezcol_4fifth_end]Integrated Remote Sensing Studio[\/ezcol_4fifth_end][ezcol_1fifth][\/ezcol_1fifth] [ezcol_4fifth_end]University of British Columbia, Vancouver, BC (Canada)[\/ezcol_4fifth_end][ezcol_1fifth][\/ezcol_1fifth] [ezcol_4fifth_end]<span id=\"titlepresentation\"><a href=\"..\/..\/documents\/presentations\/Advanced_Forest_Mapping_Valencia_2016.pdf\"><em>Advanced remote sensing for forest monitoring and mapping<\/em><\/a><\/span>[\/ezcol_4fifth_end]<\/p>\n<p>[ezcol_1fifth]<strong>15:45-16:45<\/strong>[\/ezcol_1fifth] [ezcol_4fifth_end]<strong><span id=\"author\">Dr. Txomin Hermosilla<\/span><\/strong>[\/ezcol_4fifth_end][ezcol_1fifth][\/ezcol_1fifth] [ezcol_4fifth_end]Integrated Remote Sensing Studio[\/ezcol_4fifth_end][ezcol_1fifth][\/ezcol_1fifth] [ezcol_4fifth_end]University of British Columbia, Vancouver, BC (Canada)[\/ezcol_4fifth_end][ezcol_1fifth][\/ezcol_1fifth][ezcol_4fifth_end]<span id=\"titlepresentation\"><a href=\"..\/..\/documents\/presentations\/TxHermosilla_Valencia_2016.pdf\"><em>Mass data processing of Landsat imagery: generation of national-wide products for forest monitoring<\/em><\/a><\/span>[\/ezcol_4fifth_end]<\/p>\n<p>[ezcol_1fifth]<strong>16:45-17:15<\/strong>[\/ezcol_1fifth] [ezcol_4fifth_end]<em>Coffee break<\/em>[\/ezcol_4fifth_end]<\/p>\n<p>[ezcol_1fifth]<strong>17:15-17:45<\/strong>[\/ezcol_1fifth] [ezcol_4fifth_end]<strong><span id=\"author\">Prof. Monika Moskal<\/span><\/strong>[\/ezcol_4fifth_end][ezcol_1fifth][\/ezcol_1fifth] [ezcol_4fifth_end]Remote Sensing and Geospatial Analysis Laboratory[\/ezcol_4fifth_end][ezcol_1fifth][\/ezcol_1fifth] [ezcol_4fifth_end]University of Washington, Seattle, WA (USA)[\/ezcol_4fifth_end][ezcol_1fifth][\/ezcol_1fifth][ezcol_4fifth_end]<span id=\"titlepresentation\"><a href=\"..\/..\/documents\/presentations\/Spain_Riperian_Moskal.pdf\"><em>Remote sensing-based riparian forest assessments for Washington State, USA<\/em><\/a><\/span>[\/ezcol_4fifth_end]<\/p>\n<p>[ezcol_1fifth]<strong>17:45-18:45<\/strong>[\/ezcol_1fifth] [ezcol_4fifth_end]<strong><span id=\"author\">Dr. Rub\u00e9n Valbuena<\/span><\/strong>[\/ezcol_4fifth_end][ezcol_1fifth][\/ezcol_1fifth] [ezcol_4fifth_end]Department of Plant Sciences. Forest Ecology and Conservation[\/ezcol_4fifth_end][ezcol_1fifth][\/ezcol_1fifth] [ezcol_4fifth_end]University of Cambridge (UK)[\/ezcol_4fifth_end][ezcol_1fifth][\/ezcol_1fifth] [ezcol_4fifth_end]<span id=\"titlepresentation\"><a href=\"..\/..\/documents\/presentations\/ValbuenaValencia2016.pdf\"><em>Remote sensing assessment of tree size inequality<\/em><\/a><\/span>[\/ezcol_4fifth_end]<\/p>\n<h1 class=\"fecha\"><strong><span id=\"titlepage\">Viernes, 4 de noviembre<\/span><\/strong><\/h1>\n<h2><strong><span id=\"part\">Part II: Conferences on LiDAR technologies for forest structure assessment*<\/span><\/strong><\/h2>\n<p>[ezcol_1fifth]<strong>9:00-9:15<\/strong>[\/ezcol_1fifth] [ezcol_4fifth_end]<em>Registration and reception<\/em>[\/ezcol_4fifth_end]<\/p>\n<p>[ezcol_1fifth]<strong>9:15-9:30<\/strong>[\/ezcol_1fifth] [ezcol_4fifth_end]<em>Welcome and introduction<\/em>[\/ezcol_4fifth_end][ezcol_1fifth][\/ezcol_1fifth] [ezcol_4fifth_end]<strong><span id=\"author\">D. Jos\u00e9 E. Capilla Rom\u00e1<\/span><\/strong>[\/ezcol_4fifth_end][ezcol_1fifth][\/ezcol_1fifth] [ezcol_4fifth_end]Vicerrector de Investigaci\u00f3n, Innovaci\u00f3n y Transferencia[\/ezcol_4fifth_end]<\/p>\n<p>[ezcol_1fifth]<strong>9:30-10:10<\/strong>[\/ezcol_1fifth] [ezcol_4fifth_end]<strong><span id=\"author\">Dr. Warren Cohen<\/span><\/strong>[\/ezcol_4fifth_end][ezcol_1fifth][\/ezcol_1fifth] [ezcol_4fifth_end]US Forest Service &#8211; Pacific Northwest Research Station. Corvallis, OR (USA)[\/ezcol_4fifth_end][ezcol_4fifth_end]<span id=\"titlepresentation\"><a href=\"..\/..\/documents\/presentations\/Cohen_Valencia_2016.pdf\"><em>Integrating Field, Lidar, and Landsat Data to Derive Temporal Biomass Trajectories for Forests<\/em><\/a><\/span>[\/ezcol_4fifth_end]<\/p>\n<p>[ezcol_1fifth]<strong>10:10-10:50<\/strong>[\/ezcol_1fifth] [ezcol_4fifth_end]<strong><span id=\"author\">Prof. Monika Moskal<\/span><\/strong>[\/ezcol_4fifth_end][ezcol_1fifth][\/ezcol_1fifth] [ezcol_4fifth_end]Remote Sensing and Geospatial Analysis Laboratory[\/ezcol_4fifth_end][ezcol_1fifth][\/ezcol_1fifth] [ezcol_4fifth_end]University of Washington, Seattle, WA (USA)[\/ezcol_4fifth_end][ezcol_1fifth][\/ezcol_1fifth][ezcol_4fifth_end]<span id=\"titlepresentation\"><a href=\"..\/..\/documents\/presentations\/Spain_Moskal_PFCtalk_short.pdf\"><em>Forest inventory from unmanned aerial systems (UAS) and lidar<\/em><\/span>[\/ezcol_4fifth_end]<\/p>\n<p>[ezcol_1fifth]<strong>10:50-11:30<\/strong>[\/ezcol_1fifth] [ezcol_4fifth_end]<strong><span id=\"author\">Prof. Nicholas Coops<\/span><\/strong>[\/ezcol_4fifth_end][ezcol_1fifth][\/ezcol_1fifth] [ezcol_4fifth_end]Integrated Remote Sensing Studio[\/ezcol_4fifth_end][ezcol_1fifth][\/ezcol_1fifth] [ezcol_4fifth_end]University of British Columbia, Vancouver, BC (Canada)[\/ezcol_4fifth_end][ezcol_1fifth][\/ezcol_1fifth] [ezcol_4fifth_end]<span id=\"titlepresentation\"><a href=\"..\/..\/documents\/presentations\/Advanced_LiDAR_for_Forestry_and_Ecology_Valencia_2016-coops.pdf\"><em>Lidar-based technologies for forest inventory and ecological mapping<\/em><\/a><\/span>[\/ezcol_4fifth_end]<\/p>\n<p>[ezcol_1fifth]<strong>11:30-12:00<\/strong>[\/ezcol_1fifth] [ezcol_4fifth_end]<em>Coffee break<\/em>[\/ezcol_4fifth_end]<\/p>\n<h2><strong><span id=\"part\">Part III: Coloquio &#8211; LiDAR e incendios forestales: Necesidades y potencial**<\/span><\/strong><\/h2>\n<p>[ezcol_1fifth]<strong>12:00-12:20<\/strong>[\/ezcol_1fifth] [ezcol_4fifth_end]<strong><span id=\"author\">Prof. Luis \u00c1ngel Ruiz Fern\u00e1ndez<\/span><\/strong>[\/ezcol_4fifth_end][ezcol_1fifth][\/ezcol_1fifth] [ezcol_4fifth_end]Grupo de Cartograf\u00eda GeoAmbiental y Teledetecci\u00f3n (CGAT)[\/ezcol_4fifth_end][ezcol_1fifth][\/ezcol_1fifth] [ezcol_4fifth_end]Universitat Polit\u00e8cnica de Val\u00e8ncia[\/ezcol_4fifth_end][ezcol_1fifth][\/ezcol_1fifth] [ezcol_4fifth_end]<span id=\"titlepresentation\"><a href=\"..\/..\/documents\/presentations\/ForeStructure_general_viernes.pdf\"><em>Presentaci\u00f3n proyecto ForeStructure<\/em><\/a><\/span>[\/ezcol_4fifth_end]<\/p>\n<p>[ezcol_1fifth]<strong>12:20-13:45<\/strong>[\/ezcol_1fifth] [ezcol_4fifth_end]<u>Coloquio:<\/u> <span id=\"titlepresentation\"><em>Necesidades en prevenci\u00f3n de incendios forestales y potencial de las t\u00e9cnicas LiDAR<\/em><\/span>[\/ezcol_4fifth_end]<br \/>\n[ezcol_1fifth][\/ezcol_1fifth] [ezcol_4fifth_end]<u>Participantes:<\/u>[\/ezcol_4fifth_end]<br \/>\n[ezcol_1fifth][\/ezcol_1fifth] [ezcol_4fifth_end]<strong><span id=\"author\">Dr. Juli G. Pausas<\/span><\/strong>[\/ezcol_4fifth_end][ezcol_1fifth][\/ezcol_1fifth] [ezcol_4fifth_end]Investigador del Centro de Investigaciones sobre Desertificaci\u00f3n (CIDE)[\/ezcol_4fifth_end][ezcol_1fifth][\/ezcol_1fifth] [ezcol_4fifth_end]Consejo Superior de Investigaciones Cient\u00edficas (CSIC)[\/ezcol_4fifth_end]<br \/>\n[ezcol_1fifth][\/ezcol_1fifth] [ezcol_4fifth_end]<strong><span id=\"author\">Dr. Ra\u00fal Qu\u00edlez Moraga<\/span><\/strong>[\/ezcol_4fifth_end][ezcol_1fifth][\/ezcol_1fifth] [ezcol_4fifth_end]T\u00e9cnico de la Unidad Forestal[\/ezcol_4fifth_end][ezcol_1fifth][\/ezcol_1fifth] [ezcol_4fifth_end]Consorcio Provincial de Bomberos de Valencia[\/ezcol_4fifth_end]<br \/>\n[ezcol_1fifth][\/ezcol_1fifth] [ezcol_4fifth_end]<strong><span id=\"author\">D. \u00c1lvaro Escrig del Valle<\/span><\/strong>[\/ezcol_4fifth_end][ezcol_1fifth][\/ezcol_1fifth] [ezcol_4fifth_end]Responsable de Operaciones de las Brigadas Forestales[\/ezcol_4fifth_end][ezcol_1fifth][\/ezcol_1fifth] [ezcol_4fifth_end]Divalterra[\/ezcol_4fifth_end]<\/p>\n<p>[ezcol_1fifth]<strong>13:45<\/strong>[\/ezcol_1fifth] [ezcol_4fifth_end]<em>Clausura del workshop<\/em>[\/ezcol_4fifth_end][ezcol_1fifth][\/ezcol_1fifth] [ezcol_4fifth_end]<strong><span id=\"author\">D. Jos\u00e9 Mar\u00eda \u00c1ngel Batalla<\/span><\/strong>[\/ezcol_4fifth_end][ezcol_1fifth][\/ezcol_1fifth] [ezcol_4fifth_end]Director General de la Agencia de Seguridad y Respuesta a las Emergencias[\/ezcol_4fifth_end][ezcol_1fifth][\/ezcol_1fifth] [ezcol_4fifth_end]Generalitat Valenciana[\/ezcol_4fifth_end]<\/p>\n<p>&nbsp;<\/p>\n<p>(*) English &#8211; Ingl\u00e9s<br \/>\n(**) Spanish &#8211; Castellano<\/p>\n","protected":false},"excerpt":{"rendered":"<p>Jueves, 3 de noviembre Part I: Lectures on forest monitoring and mapping using remote sensing* [ezcol_1fifth]15:00-15:15[\/ezcol_1fifth] [ezcol_4fifth_end]Registro y apertura[\/ezcol_4fifth_end] [ezcol_1fifth]15:15-15:45[\/ezcol_1fifth] [ezcol_4fifth_end]Prof. Nicholas Coops[\/ezcol_4fifth_end][ezcol_1fifth][\/ezcol_1fifth] [ezcol_4fifth_end]Integrated Remote Sensing Studio[\/ezcol_4fifth_end][ezcol_1fifth][\/ezcol_1fifth] [ezcol_4fifth_end]University of British Columbia, Vancouver, BC (Canada)[\/ezcol_4fifth_end][ezcol_1fifth][\/ezcol_1fifth] [ezcol_4fifth_end]Advanced remote sensing for forest monitoring &hellip; <a href=\"https:\/\/cgat.webs.upv.es\/forestructure\/ws\/program\/\">Continue reading <span class=\"meta-nav\">&rarr;<\/span><\/a><\/p>\n","protected":false},"author":2,"featured_media":0,"parent":0,"menu_order":0,"comment_status":"closed","ping_status":"closed","template":"onecolumn-page.php","meta":{"footnotes":""},"class_list":["post-1144","page","type-page","status-publish","hentry"],"_links":{"self":[{"href":"https:\/\/cgat.webs.upv.es\/forestructure\/ws\/wp-json\/wp\/v2\/pages\/1144","targetHints":{"allow":["GET"]}}],"collection":[{"href":"https:\/\/cgat.webs.upv.es\/forestructure\/ws\/wp-json\/wp\/v2\/pages"}],"about":[{"href":"https:\/\/cgat.webs.upv.es\/forestructure\/ws\/wp-json\/wp\/v2\/types\/page"}],"author":[{"embeddable":true,"href":"https:\/\/cgat.webs.upv.es\/forestructure\/ws\/wp-json\/wp\/v2\/users\/2"}],"replies":[{"embeddable":true,"href":"https:\/\/cgat.webs.upv.es\/forestructure\/ws\/wp-json\/wp\/v2\/comments?post=1144"}],"version-history":[{"count":67,"href":"https:\/\/cgat.webs.upv.es\/forestructure\/ws\/wp-json\/wp\/v2\/pages\/1144\/revisions"}],"predecessor-version":[{"id":1377,"href":"https:\/\/cgat.webs.upv.es\/forestructure\/ws\/wp-json\/wp\/v2\/pages\/1144\/revisions\/1377"}],"wp:attachment":[{"href":"https:\/\/cgat.webs.upv.es\/forestructure\/ws\/wp-json\/wp\/v2\/media?parent=1144"}],"curies":[{"name":"wp","href":"https:\/\/api.w.org\/{rel}","templated":true}]}}